{"id":31,"date":"2025-09-12T20:03:04","date_gmt":"2025-09-12T20:03:04","guid":{"rendered":"https:\/\/ecolujo.es\/galeria\/"},"modified":"2025-11-11T18:31:51","modified_gmt":"2025-11-11T17:31:51","slug":"galeria","status":"publish","type":"page","link":"https:\/\/ecolujo.es\/en\/galeria\/","title":{"rendered":"Gallery"},"content":{"rendered":"<div class=\"wp-block-group alignfull has-background-background-color has-background has-global-padding is-layout-constrained wp-container-core-group-is-layout-7276a2bb wp-block-group-is-layout-constrained\" id=\"galeria\" style=\"margin-top:0;margin-bottom:0;padding-top:var(--wp--preset--spacing--60);padding-right:var(--wp--preset--spacing--30);padding-bottom:var(--wp--preset--spacing--60);padding-left:var(--wp--preset--spacing--30)\">\n<div class=\"wp-block-group alignwide is-vertical is-layout-flex wp-container-core-group-is-layout-fe9cc265 wp-block-group-is-layout-flex\">\n<div class=\"wp-block-group alignwide has-global-padding is-content-justification-left is-layout-constrained wp-container-core-group-is-layout-8b4c372c wp-block-group-is-layout-constrained\">\n<h2 class=\"wp-block-heading has-large-font-size\">El lujo consciente y sostenible<\/h2>\n\n\n\n<p style=\"margin-top:16px\">Descubre una galer\u00eda exclusiva de marcas Ecolujo que refleja la calidad y compromiso de nuestros productos locales.<\/p>\n<\/div>\n<\/div>\n\n\n\n<div class=\"wp-block-group alignwide has-global-padding is-layout-constrained wp-block-group-is-layout-constrained\">\n<div class=\"wp-block-columns alignwide is-layout-flex wp-container-core-columns-is-layout-87beb0d0 wp-block-columns-is-layout-flex\">\n<div class=\"wp-block-column is-layout-flow wp-container-core-column-is-layout-f5bb311e wp-block-column-is-layout-flow\">\n<figure class=\"wp-block-image size-large has-custom-border ext-aspect-landscape\"><img loading=\"lazy\" decoding=\"async\" width=\"1024\" height=\"573\" src=\"https:\/\/ecolujo.es\/wp-content\/uploads\/2025\/11\/colecciones-disenadores-1-1024x573.jpg\" alt=\"\" class=\"wp-image-127\" style=\"border-radius:0.5rem;aspect-ratio:4\/3;object-fit:cover\" srcset=\"https:\/\/ecolujo.es\/wp-content\/uploads\/2025\/11\/colecciones-disenadores-1-1024x573.jpg 1024w, https:\/\/ecolujo.es\/wp-content\/uploads\/2025\/11\/colecciones-disenadores-1-300x168.jpg 300w, https:\/\/ecolujo.es\/wp-content\/uploads\/2025\/11\/colecciones-disenadores-1-768x430.jpg 768w, https:\/\/ecolujo.es\/wp-content\/uploads\/2025\/11\/colecciones-disenadores-1-1536x860.jpg 1536w, https:\/\/ecolujo.es\/wp-content\/uploads\/2025\/11\/colecciones-disenadores-1-600x336.jpg 600w, https:\/\/ecolujo.es\/wp-content\/uploads\/2025\/11\/colecciones-disenadores-1.jpg 1600w\" sizes=\"auto, (max-width: 1024px) 100vw, 1024px\" \/><\/figure>\n\n\n\n<figure class=\"wp-block-image size-large has-custom-border ext-aspect-landscape\"><img loading=\"lazy\" decoding=\"async\" width=\"1024\" height=\"573\" src=\"https:\/\/ecolujo.es\/wp-content\/uploads\/2025\/11\/colecciones-disenadores-eco-1024x573.jpg\" alt=\"\" class=\"wp-image-130\" style=\"border-radius:0.5rem;aspect-ratio:4\/3;object-fit:cover\" srcset=\"https:\/\/ecolujo.es\/wp-content\/uploads\/2025\/11\/colecciones-disenadores-eco-1024x573.jpg 1024w, https:\/\/ecolujo.es\/wp-content\/uploads\/2025\/11\/colecciones-disenadores-eco-300x168.jpg 300w, https:\/\/ecolujo.es\/wp-content\/uploads\/2025\/11\/colecciones-disenadores-eco-768x430.jpg 768w, https:\/\/ecolujo.es\/wp-content\/uploads\/2025\/11\/colecciones-disenadores-eco-1536x860.jpg 1536w, https:\/\/ecolujo.es\/wp-content\/uploads\/2025\/11\/colecciones-disenadores-eco-600x336.jpg 600w, https:\/\/ecolujo.es\/wp-content\/uploads\/2025\/11\/colecciones-disenadores-eco.jpg 1600w\" sizes=\"auto, (max-width: 1024px) 100vw, 1024px\" \/><\/figure>\n<\/div>\n\n\n\n<div class=\"wp-block-column is-layout-flow wp-container-core-column-is-layout-f5bb311e wp-block-column-is-layout-flow\">\n<figure class=\"wp-block-image size-large has-custom-border ext-aspect-landscape\"><img loading=\"lazy\" decoding=\"async\" width=\"1024\" height=\"573\" src=\"https:\/\/ecolujo.es\/wp-content\/uploads\/2025\/11\/colecciones-disenadores-eco-2-1024x573.jpg\" alt=\"\" class=\"wp-image-128\" style=\"border-radius:0.5rem;aspect-ratio:4\/3;object-fit:cover\" srcset=\"https:\/\/ecolujo.es\/wp-content\/uploads\/2025\/11\/colecciones-disenadores-eco-2-1024x573.jpg 1024w, https:\/\/ecolujo.es\/wp-content\/uploads\/2025\/11\/colecciones-disenadores-eco-2-300x168.jpg 300w, https:\/\/ecolujo.es\/wp-content\/uploads\/2025\/11\/colecciones-disenadores-eco-2-768x430.jpg 768w, https:\/\/ecolujo.es\/wp-content\/uploads\/2025\/11\/colecciones-disenadores-eco-2-1536x860.jpg 1536w, https:\/\/ecolujo.es\/wp-content\/uploads\/2025\/11\/colecciones-disenadores-eco-2-600x336.jpg 600w, https:\/\/ecolujo.es\/wp-content\/uploads\/2025\/11\/colecciones-disenadores-eco-2.jpg 1600w\" sizes=\"auto, (max-width: 1024px) 100vw, 1024px\" \/><\/figure>\n\n\n\n<figure class=\"wp-block-image size-large has-custom-border ext-aspect-landscape\"><img loading=\"lazy\" decoding=\"async\" width=\"1024\" height=\"573\" src=\"https:\/\/ecolujo.es\/wp-content\/uploads\/2025\/11\/colecciones-disenadores-eco-1-1024x573.jpg\" alt=\"\" class=\"wp-image-131\" style=\"border-radius:0.5rem;aspect-ratio:4\/3;object-fit:cover\" srcset=\"https:\/\/ecolujo.es\/wp-content\/uploads\/2025\/11\/colecciones-disenadores-eco-1-1024x573.jpg 1024w, https:\/\/ecolujo.es\/wp-content\/uploads\/2025\/11\/colecciones-disenadores-eco-1-300x168.jpg 300w, https:\/\/ecolujo.es\/wp-content\/uploads\/2025\/11\/colecciones-disenadores-eco-1-768x430.jpg 768w, https:\/\/ecolujo.es\/wp-content\/uploads\/2025\/11\/colecciones-disenadores-eco-1-1536x860.jpg 1536w, https:\/\/ecolujo.es\/wp-content\/uploads\/2025\/11\/colecciones-disenadores-eco-1-600x336.jpg 600w, https:\/\/ecolujo.es\/wp-content\/uploads\/2025\/11\/colecciones-disenadores-eco-1.jpg 1600w\" sizes=\"auto, (max-width: 1024px) 100vw, 1024px\" \/><\/figure>\n<\/div>\n\n\n\n<div class=\"wp-block-column is-layout-flow wp-container-core-column-is-layout-f5bb311e wp-block-column-is-layout-flow\">\n<figure class=\"wp-block-image size-large has-custom-border ext-aspect-landscape\"><img loading=\"lazy\" decoding=\"async\" width=\"1024\" height=\"573\" src=\"https:\/\/ecolujo.es\/wp-content\/uploads\/2025\/11\/colecciones-disenadores-1024x573.jpg\" alt=\"\" class=\"wp-image-129\" style=\"border-radius:0.5rem;aspect-ratio:4\/3;object-fit:cover\" srcset=\"https:\/\/ecolujo.es\/wp-content\/uploads\/2025\/11\/colecciones-disenadores-1024x573.jpg 1024w, https:\/\/ecolujo.es\/wp-content\/uploads\/2025\/11\/colecciones-disenadores-300x168.jpg 300w, https:\/\/ecolujo.es\/wp-content\/uploads\/2025\/11\/colecciones-disenadores-768x430.jpg 768w, https:\/\/ecolujo.es\/wp-content\/uploads\/2025\/11\/colecciones-disenadores-1536x860.jpg 1536w, https:\/\/ecolujo.es\/wp-content\/uploads\/2025\/11\/colecciones-disenadores-600x336.jpg 600w, https:\/\/ecolujo.es\/wp-content\/uploads\/2025\/11\/colecciones-disenadores.jpg 1600w\" sizes=\"auto, (max-width: 1024px) 100vw, 1024px\" \/><\/figure>\n\n\n\n<figure class=\"wp-block-image size-large has-custom-border ext-aspect-landscape\"><img loading=\"lazy\" decoding=\"async\" width=\"1024\" height=\"573\" src=\"https:\/\/ecolujo.es\/wp-content\/uploads\/2025\/11\/colecciones-disenadores-2-1024x573.jpg\" alt=\"\" class=\"wp-image-132\" style=\"border-radius:0.5rem;aspect-ratio:4\/3;object-fit:cover\" srcset=\"https:\/\/ecolujo.es\/wp-content\/uploads\/2025\/11\/colecciones-disenadores-2-1024x573.jpg 1024w, https:\/\/ecolujo.es\/wp-content\/uploads\/2025\/11\/colecciones-disenadores-2-300x168.jpg 300w, https:\/\/ecolujo.es\/wp-content\/uploads\/2025\/11\/colecciones-disenadores-2-768x430.jpg 768w, https:\/\/ecolujo.es\/wp-content\/uploads\/2025\/11\/colecciones-disenadores-2-1536x860.jpg 1536w, https:\/\/ecolujo.es\/wp-content\/uploads\/2025\/11\/colecciones-disenadores-2-600x336.jpg 600w, https:\/\/ecolujo.es\/wp-content\/uploads\/2025\/11\/colecciones-disenadores-2.jpg 1600w\" sizes=\"auto, (max-width: 1024px) 100vw, 1024px\" \/><\/figure>\n<\/div>\n<\/div>\n<\/div>\n<\/div>\n\n\n\n<div class=\"wp-block-group alignfull has-tertiary-background-color has-background has-global-padding is-layout-constrained wp-container-core-group-is-layout-7276a2bb wp-block-group-is-layout-constrained\" id=\"acerca-de\" style=\"margin-top:0;margin-bottom:0;padding-top:var(--wp--preset--spacing--60);padding-right:var(--wp--preset--spacing--30);padding-bottom:var(--wp--preset--spacing--60);padding-left:var(--wp--preset--spacing--30)\">\n<div class=\"wp-block-columns alignwide is-layout-flex wp-container-core-columns-is-layout-47c06fe3 wp-block-columns-is-layout-flex\">\n<div class=\"wp-block-column is-layout-flow wp-container-core-column-is-layout-119bc444 wp-block-column-is-layout-flow\" style=\"flex-basis:60%\">\n<h2 class=\"wp-block-heading\">Elegancia ecol\u00f3gica que transforma cada d\u00eda<\/h2>\n\n\n\n<p class=\"has-medium-font-size\" style=\"margin-top:16px\">Ecolujo fusiona lujo moderno con sostenibilidad, promoviendo productos locales con impacto global para un mundo m\u00e1s consciente y responsable.<\/p>\n<\/div>\n\n\n\n<div class=\"wp-block-column is-vertically-aligned-top is-layout-flow wp-container-core-column-is-layout-f5bb311e wp-block-column-is-layout-flow\" style=\"flex-basis:50%\"><\/div>\n<\/div>\n\n\n\n<div class=\"wp-block-cover alignwide\" style=\"border-radius:1.5rem;min-height:30vh;aspect-ratio:unset;\"><img loading=\"lazy\" decoding=\"async\" width=\"1024\" height=\"573\" class=\"wp-block-cover__image-background wp-image-133 size-large\" alt=\"\" src=\"https:\/\/ecolujo.es\/wp-content\/uploads\/2025\/11\/fotos-moda-azul-verdoso-1-1-1024x573.jpg\" data-object-fit=\"cover\" srcset=\"https:\/\/ecolujo.es\/wp-content\/uploads\/2025\/11\/fotos-moda-azul-verdoso-1-1-1024x573.jpg 1024w, https:\/\/ecolujo.es\/wp-content\/uploads\/2025\/11\/fotos-moda-azul-verdoso-1-1-300x168.jpg 300w, https:\/\/ecolujo.es\/wp-content\/uploads\/2025\/11\/fotos-moda-azul-verdoso-1-1-768x430.jpg 768w, https:\/\/ecolujo.es\/wp-content\/uploads\/2025\/11\/fotos-moda-azul-verdoso-1-1-1536x860.jpg 1536w, https:\/\/ecolujo.es\/wp-content\/uploads\/2025\/11\/fotos-moda-azul-verdoso-1-1-600x336.jpg 600w, https:\/\/ecolujo.es\/wp-content\/uploads\/2025\/11\/fotos-moda-azul-verdoso-1-1.jpg 1600w\" sizes=\"auto, (max-width: 1024px) 100vw, 1024px\" \/><span aria-hidden=\"true\" class=\"wp-block-cover__background has-background-dim-0 has-background-dim\" style=\"background-color:#64888c\"><\/span><div class=\"wp-block-cover__inner-container is-layout-flow wp-block-cover-is-layout-flow\">\n<div style=\"height:100px\" aria-hidden=\"true\" class=\"wp-block-spacer\"><\/div>\n<\/div><\/div>\n<\/div>\n\n\n\n<div class=\"wp-block-group alignfull has-background-background-color has-background has-global-padding is-layout-constrained wp-container-core-group-is-layout-fb85e995 wp-block-group-is-layout-constrained\" style=\"margin-top:0;margin-bottom:0;padding-top:var(--wp--preset--spacing--60);padding-right:var(--wp--preset--spacing--30);padding-bottom:var(--wp--preset--spacing--60);padding-left:var(--wp--preset--spacing--30)\">\n<div class=\"wp-block-group alignwide has-global-padding is-content-justification-center is-layout-constrained wp-block-group-is-layout-constrained\">\n<h2 class=\"wp-block-heading has-text-align-center has-large-font-size\">Lujo sostenible, confianza garantizada<\/h2>\n\n\n\n<p class=\"has-text-align-center\" style=\"margin-top:16px\">Aqu\u00ed mostramos nuestras certificaciones ecol\u00f3gicas, protocolos \u00e9ticos y premios que respaldan nuestro compromiso con la calidad y el medio ambiente.<\/p>\n<\/div>\n\n\n\n<div class=\"wp-block-columns alignwide is-layout-flex wp-container-core-columns-is-layout-28f84493 wp-block-columns-is-layout-flex\">\n<div class=\"wp-block-column is-vertically-aligned-stretch is-layout-flow wp-block-column-is-layout-flow\">\n<div class=\"wp-block-group has-tertiary-background-color has-background has-global-padding is-layout-constrained wp-container-core-group-is-layout-62d94814 wp-block-group-is-layout-constrained\" style=\"border-radius:1.5rem;min-height:100%;padding-top:var(--wp--preset--spacing--40);padding-right:var(--wp--preset--spacing--30);padding-bottom:var(--wp--preset--spacing--40);padding-left:var(--wp--preset--spacing--30)\">\n<div class=\"wp-block-group is-content-justification-center is-nowrap is-layout-flex wp-container-core-group-is-layout-23441af8 wp-block-group-is-layout-flex\">\n<div class=\"wp-block-group has-background-background-color has-background wp-container-content-487bf011 is-content-justification-center is-nowrap is-layout-flex wp-container-core-group-is-layout-cf138b5d wp-block-group-is-layout-flex\" style=\"border-radius:1rem;min-height:96px;padding-top:var(--wp--preset--spacing--20);padding-right:var(--wp--preset--spacing--20);padding-bottom:var(--wp--preset--spacing--20);padding-left:var(--wp--preset--spacing--20)\">\n<figure class=\"wp-block-image aligncenter size-large wp-duotone-secondary-and-primary\"><img decoding=\"async\" src=\"data:image\/svg+xml;base64,PHN2ZyB4bWxucz0iaHR0cDovL3d3dy53My5vcmcvMjAwMC9zdmciIGhlaWdodD0iNDhweCIgdmlld0JveD0iMCAtOTYwIDk2MCA5NjAiIHdpZHRoPSI0OHB4IiBmaWxsPSIjMWUxZTFlIj48cGF0aCBkPSJtMzQ2LTYwLTc2LTEzMC0xNTEtMzEgMTctMTQ3LTk2LTExMiA5Ni0xMTEtMTctMTQ3IDE1MS0zMSA3Ni0xMzEgMTM0IDYyIDEzNC02MiA3NyAxMzEgMTUwIDMxLTE3IDE0NyA5NiAxMTEtOTYgMTEyIDE3IDE0Ny0xNTAgMzEtNzcgMTMwLTEzNC02Mi0xMzQgNjJabTI3LTc5IDEwNy00NSAxMTAgNDUgNjctMTAwIDExNy0zMC0xMi0xMTkgODEtOTItODEtOTQgMTItMTE5LTExNy0yOC02OS0xMDAtMTA4IDQ1LTExMC00NS02NyAxMDAtMTE3IDI4IDEyIDExOS04MSA5NCA4MSA5Mi0xMiAxMjEgMTE3IDI4IDcwIDEwMFptMTA3LTM0MVptLTQzIDEzMyAyMjctMjI1LTQ1LTQxLTE4MiAxODAtOTUtOTktNDYgNDUgMTQxIDE0MFoiLz48L3N2Zz4=\" alt=\"\"\/><\/figure>\n<\/div>\n<\/div>\n\n\n\n<h3 class=\"wp-block-heading has-text-align-center\" style=\"margin-top:24px;font-size:clamp(0.875rem, 0.875rem + ((1vw - 0.2rem) * 0.625), 1.25rem);\">Certificaci\u00f3n de Comercio Justo<\/h3>\n\n\n\n<p class=\"has-text-align-center has-small-font-size\" style=\"margin-top:8px\">Reconocemos proveedores que aseguran condiciones laborales justas y pr\u00e1cticas responsables, reforzando nuestro compromiso con la \u00e9tica.<\/p>\n<\/div>\n<\/div>\n\n\n\n<div class=\"wp-block-column is-vertically-aligned-stretch is-layout-flow wp-block-column-is-layout-flow\">\n<div class=\"wp-block-group has-tertiary-background-color has-background has-global-padding is-layout-constrained wp-container-core-group-is-layout-62d94814 wp-block-group-is-layout-constrained\" style=\"border-radius:1.5rem;min-height:100%;padding-top:var(--wp--preset--spacing--40);padding-right:var(--wp--preset--spacing--30);padding-bottom:var(--wp--preset--spacing--40);padding-left:var(--wp--preset--spacing--30)\">\n<div class=\"wp-block-group is-content-justification-center is-nowrap is-layout-flex wp-container-core-group-is-layout-23441af8 wp-block-group-is-layout-flex\">\n<div class=\"wp-block-group has-background-background-color has-background wp-container-content-487bf011 is-content-justification-center is-nowrap is-layout-flex wp-container-core-group-is-layout-cf138b5d wp-block-group-is-layout-flex\" style=\"border-radius:1rem;min-height:96px;padding-top:var(--wp--preset--spacing--20);padding-right:var(--wp--preset--spacing--20);padding-bottom:var(--wp--preset--spacing--20);padding-left:var(--wp--preset--spacing--20)\">\n<figure class=\"wp-block-image aligncenter size-large wp-duotone-secondary-and-primary\"><img decoding=\"async\" src=\"data:image\/svg+xml;base64,PHN2ZyB4bWxucz0iaHR0cDovL3d3dy53My5vcmcvMjAwMC9zdmciIGhlaWdodD0iNDhweCIgdmlld0JveD0iMCAtOTYwIDk2MCA5NjAiIHdpZHRoPSI0OHB4IiBmaWxsPSIjMWUxZTFlIj48cGF0aCBkPSJtNDM2LTM0NyAyMjgtMjI4LTQyLTQxLTE4MyAxODMtMTAxLTEwMS00NCA0NCAxNDIgMTQzWm00NCAyNjZxLTE0MC0zNS0yMzAtMTYyLjVUMTYwLTUyM3YtMjM4bDMyMC0xMjAgMzIwIDEyMHYyMzhxMCAxNTItOTAgMjc5LjVUNDgwLTgxWm0wLTYycTExNS0zOCAxODcuNS0xNDMuNVQ3NDAtNTIzdi0xOTZsLTI2MC05OC0yNjAgOTh2MTk2cTAgMTMxIDcyLjUgMjM2LjVUNDgwLTE0M1ptMC0zMzdaIi8+PC9zdmc+\" alt=\"\"\/><\/figure>\n<\/div>\n<\/div>\n\n\n\n<h3 class=\"wp-block-heading has-text-align-center\" style=\"margin-top:24px;font-size:clamp(0.875rem, 0.875rem + ((1vw - 0.2rem) * 0.625), 1.25rem);\">Sello de Materiales Org\u00e1nicos<\/h3>\n\n\n\n<p class=\"has-text-align-center has-small-font-size\" style=\"margin-top:8px\">Garantizamos el uso exclusivo de materiales certificados 100 % org\u00e1nicos, promoviendo un lujo consciente y respetuoso con la naturaleza.<\/p>\n<\/div>\n<\/div>\n\n\n\n<div class=\"wp-block-column is-vertically-aligned-stretch is-layout-flow wp-block-column-is-layout-flow\">\n<div class=\"wp-block-group has-tertiary-background-color has-background has-global-padding is-layout-constrained wp-container-core-group-is-layout-62d94814 wp-block-group-is-layout-constrained\" style=\"border-radius:1.5rem;min-height:100%;padding-top:var(--wp--preset--spacing--40);padding-right:var(--wp--preset--spacing--30);padding-bottom:var(--wp--preset--spacing--40);padding-left:var(--wp--preset--spacing--30)\">\n<div class=\"wp-block-group is-content-justification-center is-nowrap is-layout-flex wp-container-core-group-is-layout-23441af8 wp-block-group-is-layout-flex\">\n<div class=\"wp-block-group has-background-background-color has-background wp-container-content-487bf011 is-content-justification-center is-nowrap is-layout-flex wp-container-core-group-is-layout-cf138b5d wp-block-group-is-layout-flex\" style=\"border-radius:1rem;min-height:96px;padding-top:var(--wp--preset--spacing--20);padding-right:var(--wp--preset--spacing--20);padding-bottom:var(--wp--preset--spacing--20);padding-left:var(--wp--preset--spacing--20)\">\n<figure class=\"wp-block-image aligncenter size-large wp-duotone-secondary-and-primary\"><img decoding=\"async\" src=\"data:image\/svg+xml;base64,PHN2ZyB4bWxucz0iaHR0cDovL3d3dy53My5vcmcvMjAwMC9zdmciIGhlaWdodD0iNDhweCIgdmlld0JveD0iMCAtOTYwIDk2MCA5NjAiIHdpZHRoPSI0OHB4IiBmaWxsPSIjMWUxZTFlIj48cGF0aCBkPSJtMzYzLTMxMCAxMTctNzEgMTE3IDcxLTMxLTEzMyAxMDQtOTAtMTM3LTExLTUzLTEyNi01MyAxMjYtMTM3IDExIDEwNCA5MC0zMSAxMzNaTTQ4MS0yOSAzNDYtMTYwSDE2MHYtMTg2TDI2LTQ4MGwxMzQtMTM0di0xODZoMTg2bDEzNS0xMzQgMTMzIDEzNGgxODZ2MTg2bDEzNCAxMzQtMTM0IDEzNHYxODZINjE0TDQ4MS0yOVptMC04NCAxMDcuOTItMTA3SDc0MHYtMTUxbDEwOS0xMDktMTA5LTEwOXYtMTUxSDU4OUw0ODEtODQ5IDM3MS03NDBIMjIwdjE1MUwxMTEtNDgwbDEwOSAxMDl2MTUxaDE1MGwxMTEgMTA3Wm0wLTM2OFoiLz48L3N2Zz4=\" alt=\"\"\/><\/figure>\n<\/div>\n<\/div>\n\n\n\n<h3 class=\"wp-block-heading has-text-align-center\" style=\"margin-top:24px;font-size:clamp(0.875rem, 0.875rem + ((1vw - 0.2rem) * 0.625), 1.25rem);\">Premios a la Sostenibilidad<\/h3>\n\n\n\n<p class=\"has-text-align-center has-small-font-size\" style=\"margin-top:8px\">Este galard\u00f3n ODS (Objetivos Desarrollo Sostenible) destaca la dedicaci\u00f3n de nuestros fundadores a la innovaci\u00f3n ecol\u00f3gica que impulsa un impacto positivo a nivel global.<\/p>\n<\/div>\n<\/div>\n<\/div>\n<\/div>","protected":false},"excerpt":{"rendered":"<p>El lujo consciente y sostenible Descubre una galer\u00eda exclusiva de marcas Ecolujo que refleja la calidad y compromiso de nuestros productos locales. Elegancia ecol\u00f3gica que transforma cada d\u00eda Ecolujo fusiona lujo moderno con sostenibilidad, promoviendo productos locales con impacto global para un mundo m\u00e1s consciente y responsable. Lujo sostenible, confianza garantizada Aqu\u00ed mostramos nuestras certificaciones [&hellip;]<\/p>\n","protected":false},"author":1,"featured_media":0,"parent":0,"menu_order":0,"comment_status":"closed","ping_status":"closed","template":"page-with-title","meta":{"footnotes":""},"class_list":["post-31","page","type-page","status-publish","hentry"],"aioseo_notices":[],"_links":{"self":[{"href":"https:\/\/ecolujo.es\/en\/wp-json\/wp\/v2\/pages\/31","targetHints":{"allow":["GET"]}}],"collection":[{"href":"https:\/\/ecolujo.es\/en\/wp-json\/wp\/v2\/pages"}],"about":[{"href":"https:\/\/ecolujo.es\/en\/wp-json\/wp\/v2\/types\/page"}],"author":[{"embeddable":true,"href":"https:\/\/ecolujo.es\/en\/wp-json\/wp\/v2\/users\/1"}],"replies":[{"embeddable":true,"href":"https:\/\/ecolujo.es\/en\/wp-json\/wp\/v2\/comments?post=31"}],"version-history":[{"count":3,"href":"https:\/\/ecolujo.es\/en\/wp-json\/wp\/v2\/pages\/31\/revisions"}],"predecessor-version":[{"id":156,"href":"https:\/\/ecolujo.es\/en\/wp-json\/wp\/v2\/pages\/31\/revisions\/156"}],"wp:attachment":[{"href":"https:\/\/ecolujo.es\/en\/wp-json\/wp\/v2\/media?parent=31"}],"curies":[{"name":"wp","href":"https:\/\/api.w.org\/{rel}","templated":true}]}}